{"id":220,"date":"2022-01-11T19:49:26","date_gmt":"2022-01-11T19:49:26","guid":{"rendered":"https:\/\/waterhoeven.nl\/?page_id=220"},"modified":"2026-04-16T16:41:32","modified_gmt":"2026-04-16T15:41:32","slug":"nfn-open-en-bloot","status":"publish","type":"page","link":"https:\/\/waterhoeven.nl\/?page_id=220","title":{"rendered":"NFN &#8220;Open en Bloot&#8221;"},"content":{"rendered":"\n<div class=\"wp-block-columns is-layout-flex wp-container-core-columns-is-layout-8f761849 wp-block-columns-is-layout-flex\">\n<div class=\"wp-block-column is-layout-flow wp-block-column-is-layout-flow\">\n<figure class=\"wp-block-image size-large is-resized\"><img decoding=\"async\" src=\"https:\/\/waterhoeven.nl\/wp-content\/uploads\/2025\/02\/Prettig-Bloot-2025.png\" alt=\"\" style=\"width:533px;height:auto\"\/><\/figure>\n<\/div>\n\n\n\n<div class=\"wp-block-column is-layout-flow wp-block-column-is-layout-flow\">\n<p class=\"has-accent-2-color has-text-color has-link-color has-large-font-size wp-elements-fd5d7dab30f3eaff9b5a6fc47db3d641 wp-block-paragraph\"><strong>De Waterhoeven is een Prettig Bloot locatie.<\/strong><\/p>\n\n\n\n<p class=\"wp-block-paragraph\">Naaktrecreanten geven zich letterlijk bloot. Dit geeft een enorm gevoel van vrijheid. Toch ben je ook kwetsbaar. Daarom hecht NFN een groot belang aan veilig en respectvol recre\u00ebren. Met een groeiend aantal organisaties worden hierover eenduidige afspraken gemaakt onder de noemer \u2018prettig bloot\u2019.<\/p>\n\n\n\n<p class=\"wp-block-paragraph\">Het keurmerk Prettig Bloot is een door NFN goedkeurde indicatie voor terreinen waar je prettig bloot kunt recre\u00ebren. Voerders van het keurmerk hebben gastvrijheid en een respectvolle behandeling van bezoekers hoog in het vaandel staan en doen er alles aan om de veiligheid op terreinen te garanderen.<\/p>\n\n\n\n<h1 class=\"wp-block-heading has-normal-font-size\" style=\"font-style:italic;font-weight:100\">Hieronder de link naar de digitale brochure Prettig Bloot:<\/h1>\n\n\n\n<div class=\"wp-block-buttons is-layout-flex wp-block-buttons-is-layout-flex\">\n<div class=\"wp-block-button\"><a class=\"wp-block-button__link wp-element-button\" href=\"https:\/\/waterhoeven.nl\/wp-content\/uploads\/2025\/02\/Prettig-bloot-brochure-2025.pdf\">Digitale brochure Prettig Bloot<\/a><\/div>\n<\/div>\n<\/div>\n<\/div>\n\n\n\n<h2 class=\"wp-block-heading has-accent-2-color has-text-color has-link-color wp-elements-282637d68ddf389d0305d7e9d84a4833\">Wij zijn aangesloten bij NFN Open &amp; Bloot<\/h2>\n\n\n\n<p class=\"wp-block-paragraph\">NFN Open &amp; Bloot is h\u00e9t informatieplatform en d\u00e9 belangenbehartiger voor naakt recre\u00ebrend Nederland. Wij zijn als vereniging aangesloten bij NFN. Dit betekent dat jij als lid van onze vereniging gratis&nbsp;<strong>het NFN-basislidmaatschap kan krijgen. <\/strong>Dit gaat<em>&nbsp;niet<\/em>&nbsp;automatisch. Je dient zelf dit basislidmaatschap te activeren via het NFN-Ledenportaal. Deze is te bereiken via:&nbsp;<a href=\"https:\/\/mijn.voeltvrijheid.nl\/\" target=\"_blank\" rel=\"noreferrer noopener\"><strong>mijn.voeltvrijheid.nl<\/strong><\/a>. Als geactiveerd verenigingslid kan je voor de geldende NFN-ledenprijs de magazines&nbsp;<a href=\"https:\/\/www.natuurlijknfn.nl\/uit-magazine\/\" target=\"_blank\" rel=\"noreferrer noopener\"><em><strong>UIT!<\/strong><\/em><\/a>&nbsp;en&nbsp;<a href=\"https:\/\/www.blootgewoon.nl\/magazine-blootgewoon\/\" target=\"_blank\" rel=\"noreferrer noopener\"><em><strong>BlootGewoon!<\/strong><\/em><\/a>&nbsp;ontvangen. Ook kan je jezelf kandidaat stellen voor de NFN-Ledenraad en heb je stemrecht bij het kiezen van de leden voor de Ledenraad.<\/p>\n\n\n\n<p class=\"wp-block-paragraph\"><strong>Wij zijn als vereniging aangesloten bij NFN Open &amp; Bloot<\/strong><strong><\/strong><\/p>\n\n\n\n<p class=\"wp-block-paragraph\"><a href=\"https:\/\/nfn.nl\/\">NFN Open &amp; Bloot<\/a> is h\u00e9t informatieplatform en d\u00e9 belangenbehartiger voor naaktrecre\u00ebrend Nederland. Wij zijn als vereniging aangesloten bij NFN. Dit houdt in dat NFN het bestuur van de vereniging ondersteunt, we gebruik kunnen maken van collectieve verzekeringen, de verenigingen ontvangen de NFN-jaarkaart voor hun leden en we volgen het veiligheidsprotocol. Ook organiseert NFN de Open dag, de Verenigingskamer en workshops voor bestuurders. Lees hier meer over op:&nbsp;<a href=\"https:\/\/nfn.nl\/informatie-besturen-naturistenverenigingen\">https:\/\/nfn.nl\/informatie-besturen-naturistenverenigingen<\/a>.<\/p>\n\n\n\n<p class=\"has-accent-2-color has-text-color has-link-color wp-elements-4ae58aaa3b5855f976bcbb458b190ddd wp-block-paragraph\"><strong>De NFN-jaarkaart<\/strong><\/p>\n\n\n\n<p class=\"wp-block-paragraph\">Alle volwassen leden van onze vereniging ontvangen de NFN-jaarkaart met INF-zegel. Vanaf 2025 zullen die digitaal beschikbaar zijn. Deze jaarkaart is geen ledenpas van NFN, maar een belangrijk middel om het <a href=\"https:\/\/nfn.nl\/wp-content\/uploads\/2023\/03\/NFN-Veiligheidsprotocol.pdf\">veiligheidsprotocol <\/a>uit te voeren. Hierin hebben wij afspraken vastgelegd over hoe om te gaan met meldingen van ongewenst gedrag. Het doel hiervan is om dit ongewenste gedrag te voorkomen en\/of tegen te gaan. In uiterste gevallen zorgen we ervoor dat een pleger van ernstig ongewenst gedrag zijn NFN-jaarkaart wordt ingenomen en geen toegang meer krijgt tot de georganiseerde naaktrecreatie.<\/p>\n\n\n\n<p class=\"wp-block-paragraph\">De NFN-jaarkaart voor verenigingsleden geeft \u00f3\u00f3k toegang tot (internationale) <a href=\"https:\/\/nfn.nl\/activiteiten\/\">evenementen<\/a> en <a href=\"https:\/\/blootkompas.nl\/\">blootlocaties<\/a> maar geen ledenvoordeel en korting in de NFN-webshop.<\/p>\n\n\n\n<h2 class=\"wp-block-heading has-accent-2-color has-text-color has-link-color wp-elements-da9b7323061b04c9062bbb8400525620\">Wij zijn een prettig Bloot-locatie!<\/h2>\n\n\n\n<p class=\"wp-block-paragraph\">Naturisten Vereniging Zuid is trots bezitter van het Prettig Bloot-label. Prettig Bloot-locaties besteden veel aandacht aan de kernwaarden <em>veiligheid, vrijheid, respect, openheid en gastvrijheid<\/em>. Hierover zijn duidelijke afspraken gemaakt met de Nederlandse belangenorganisatie voor naaktrecreatie <a href=\"https:\/\/www.nfn.nl\/prettig-bloot\">NFN Open &amp; Bloot<\/a>. Op onze locatie kun je veilig en vertrouwd bloot recre\u00ebren!<\/p>\n\n\n\n<p class=\"wp-block-paragraph\">In de Prettig Bloot-brochure lees je wat je als gast op onze locatie mag verwachten en hoe je zelf kunt bijdragen aan de prettige sfeer.<\/p>\n\n\n\n<p class=\"wp-block-paragraph\">Bij dit keurmerk horen ook <em>het <\/em><a href=\"https:\/\/www.nfn.nl\/over-nfn\/#reglementen\" target=\"_blank\" rel=\"noreferrer noopener\"><em>NFN-Veiligheidsprotocol <\/em>en de <em>Gedragscode<\/em><\/a>.<\/p>\n\n\n\n<p class=\"wp-block-paragraph\"><\/p>\n","protected":false},"excerpt":{"rendered":"<p>De Waterhoeven is een Prettig Bloot locatie. Naaktrecreanten geven zich letterlijk bloot. Dit geeft een enorm gevoel van vrijheid. Toch ben je ook kwetsbaar. Daarom hecht NFN een groot belang aan veilig en respectvol recre\u00ebren. Met een groeiend aantal organisaties worden hierover eenduidige afspraken gemaakt onder de noemer \u2018prettig bloot\u2019. Het keurmerk Prettig Bloot is een door NFN goedkeurde indicatie voor terreinen waar je prettig bloot kunt recre\u00ebren. Voerders van het keurmerk hebben gastvrijheid en een respectvolle behandeling van bezoekers hoog in het vaandel staan en doen er alles aan om de veiligheid op terreinen te garanderen. Hieronder de link naar &hellip;<\/p>\n","protected":false},"author":1,"featured_media":0,"parent":0,"menu_order":0,"comment_status":"closed","ping_status":"closed","template":"","meta":{"_crdt_document":"","_glsr_average":0,"_glsr_ranking":0,"_glsr_reviews":0,"footnotes":""},"class_list":["post-220","page","type-page","status-publish","hentry"],"_links":{"self":[{"href":"https:\/\/waterhoeven.nl\/index.php?rest_route=\/wp\/v2\/pages\/220","targetHints":{"allow":["GET"]}}],"collection":[{"href":"https:\/\/waterhoeven.nl\/index.php?rest_route=\/wp\/v2\/pages"}],"about":[{"href":"https:\/\/waterhoeven.nl\/index.php?rest_route=\/wp\/v2\/types\/page"}],"author":[{"embeddable":true,"href":"https:\/\/waterhoeven.nl\/index.php?rest_route=\/wp\/v2\/users\/1"}],"replies":[{"embeddable":true,"href":"https:\/\/waterhoeven.nl\/index.php?rest_route=%2Fwp%2Fv2%2Fcomments&post=220"}],"version-history":[{"count":17,"href":"https:\/\/waterhoeven.nl\/index.php?rest_route=\/wp\/v2\/pages\/220\/revisions"}],"predecessor-version":[{"id":2114,"href":"https:\/\/waterhoeven.nl\/index.php?rest_route=\/wp\/v2\/pages\/220\/revisions\/2114"}],"wp:attachment":[{"href":"https:\/\/waterhoeven.nl\/index.php?rest_route=%2Fwp%2Fv2%2Fmedia&parent=220"}],"curies":[{"name":"wp","href":"https:\/\/api.w.org\/{rel}","templated":true}]}}